{"id":1105,"date":"2025-06-26T08:59:24","date_gmt":"2025-06-26T06:59:24","guid":{"rendered":"https:\/\/optit.weggagency.com\/?page_id=1105"},"modified":"2025-07-31T18:07:48","modified_gmt":"2025-07-31T16:07:48","slug":"approccio","status":"publish","type":"page","link":"https:\/\/optit.weggagency.com\/de\/approccio\/","title":{"rendered":"Approccio"},"content":{"rendered":"<div data-elementor-type=\"wp-page\" data-elementor-id=\"1105\" class=\"elementor elementor-1105\" data-elementor-post-type=\"page\">\n\t\t\t\t<div class=\"elementor-element elementor-element-0f9574f e-con-full e-flex e-con e-parent\" data-id=\"0f9574f\" data-element_type=\"container\" data-settings=\"{&quot;background_background&quot;:&quot;video&quot;,&quot;background_video_link&quot;:&quot;https:\\\/\\\/optit.weggagency.com\\\/wp-content\\\/uploads\\\/2025\\\/07\\\/532701309_lightgrey_2.mp4&quot;,&quot;background_play_on_mobile&quot;:&quot;yes&quot;}\">\n\t\t<div class=\"elementor-background-video-container\">\n\t\t\t\t\t\t\t<video class=\"elementor-background-video-hosted\" autoplay muted playsinline loop><\/video>\n\t\t\t\t\t<\/div><div class=\"elementor-element elementor-element-381f7a8 e-con-full e-flex e-con e-child\" data-id=\"381f7a8\" data-element_type=\"container\">\n\t\t\t\t<div class=\"elementor-element elementor-element-28e8b71 color_gradient elementor-widget elementor-widget-heading\" data-id=\"28e8b71\" data-element_type=\"widget\" data-widget_type=\"heading.default\">\n\t\t\t\t<div class=\"elementor-widget-container\">\n\t\t\t\t\t<h2 class=\"elementor-heading-title elementor-size-default\">01<\/h2>\t\t\t\t<\/div>\n\t\t\t\t<\/div>\n\t\t\t\t<\/div>\n\t\t<div class=\"elementor-element elementor-element-478394e e-con-full e-flex e-con e-child\" data-id=\"478394e\" data-element_type=\"container\">\n\t\t\t\t<div class=\"elementor-element elementor-element-cc9d310 color_gradient elementor-widget elementor-widget-heading\" data-id=\"cc9d310\" data-element_type=\"widget\" data-widget_type=\"heading.default\">\n\t\t\t\t<div class=\"elementor-widget-container\">\n\t\t\t\t\t<h2 class=\"elementor-heading-title elementor-size-default\">Approccio<\/h2>\t\t\t\t<\/div>\n\t\t\t\t<\/div>\n\t\t\t\t<\/div>\n\t\t<div class=\"elementor-element elementor-element-0b1f3ee e-con-full e-flex e-con e-child\" data-id=\"0b1f3ee\" data-element_type=\"container\">\n\t\t\t\t<div class=\"elementor-element elementor-element-be6331d elementor-widget elementor-widget-text-editor\" data-id=\"be6331d\" data-element_type=\"widget\" data-widget_type=\"text-editor.default\">\n\t\t\t\t<div class=\"elementor-widget-container\">\n\t\t\t\t\t\t\t\t\t<p><strong>Dalla complessit\u00e0 alla decisione giusta: il nostro metodo che unisce scienza, tecnologia e consulenza per l\u2019innovazione digitale.<\/strong><\/p>\t\t\t\t\t\t\t\t<\/div>\n\t\t\t\t<\/div>\n\t\t\t\t<\/div>\n\t\t<div class=\"elementor-element elementor-element-3257d4f e-con-full e-flex e-con e-child\" data-id=\"3257d4f\" data-element_type=\"container\">\n\t\t\t\t<div class=\"elementor-element elementor-element-0b7133d elementor-view-default elementor-widget elementor-widget-icon\" data-id=\"0b7133d\" data-element_type=\"widget\" data-widget_type=\"icon.default\">\n\t\t\t\t<div class=\"elementor-widget-container\">\n\t\t\t\t\t\t\t<div class=\"elementor-icon-wrapper\">\n\t\t\t<a class=\"elementor-icon\" href=\"https:\/\/optit.weggagency.com\/de\/applicazioni\/\">\n\t\t\t<svg xmlns=\"http:\/\/www.w3.org\/2000\/svg\" width=\"50\" height=\"50\" viewbox=\"0 0 50 50\" fill=\"none\"><rect x=\"0.5\" y=\"0.5\" width=\"49\" height=\"49\" rx=\"24.5\" stroke=\"#3AAA35\"><\/rect><path d=\"M30.6902 27.0625L11.6667 27.0625L11.6667 23.9375L30.6902 23.9375L21.9402 15.1875L24.1667 13L36.6667 25.5L24.1667 38L21.9402 35.8125L30.6902 27.0625Z\" fill=\"#3AAA35\"><\/path><\/svg>\t\t\t<\/a>\n\t\t<\/div>\n\t\t\t\t\t\t<\/div>\n\t\t\t\t<\/div>\n\t\t\t\t<\/div>\n\t\t\t\t<\/div>\n\t\t<div class=\"elementor-element elementor-element-5b726ee e-flex e-con-boxed e-con e-parent\" data-id=\"5b726ee\" data-element_type=\"container\">\n\t\t\t\t\t<div class=\"e-con-inner\">\n\t\t<div class=\"elementor-element elementor-element-ab0bac2 e-con-full e-flex e-con e-child\" data-id=\"ab0bac2\" data-element_type=\"container\">\n\t\t\t\t<div class=\"elementor-element elementor-element-366f318 toggle-btn roteable elementor-view-default elementor-widget elementor-widget-icon\" data-id=\"366f318\" data-element_type=\"widget\" id=\"toggle-scienza\" data-widget_type=\"icon.default\">\n\t\t\t\t<div class=\"elementor-widget-container\">\n\t\t\t\t\t\t\t<div class=\"elementor-icon-wrapper\">\n\t\t\t<div class=\"elementor-icon\">\n\t\t\t<svg xmlns=\"http:\/\/www.w3.org\/2000\/svg\" width=\"73\" height=\"73\" viewbox=\"0 0 73 73\" fill=\"none\"><circle cx=\"36.5\" cy=\"36.5\" r=\"36.5\" fill=\"white\"><\/circle><rect x=\"11\" y=\"11\" width=\"50\" height=\"50\" rx=\"25\" fill=\"white\"><\/rect><path d=\"M41.6902 38.0625L22.6667 38.0625L22.6667 34.9375L41.6902 34.9375L32.9402 26.1875L35.1667 24L47.6667 36.5L35.1667 49L32.9402 46.8125L41.6902 38.0625Z\" fill=\"#3AAA35\"><\/path><\/svg>\t\t\t<\/div>\n\t\t<\/div>\n\t\t\t\t\t\t<\/div>\n\t\t\t\t<\/div>\n\t\t\t\t<div class=\"elementor-element elementor-element-77858bb toggle-btn elementor-widget__width-inherit elementor-widget-mobile__width-initial elementor-widget elementor-widget-button\" data-id=\"77858bb\" data-element_type=\"widget\" id=\"toggle-text-scienza\" data-widget_type=\"button.default\">\n\t\t\t\t<div class=\"elementor-widget-container\">\n\t\t\t\t\t\t\t\t\t<div class=\"elementor-button-wrapper\">\n\t\t\t\t\t<a class=\"elementor-button elementor-size-sm\" role=\"button\" id=\"category-button\">\n\t\t\t\t\t\t<span class=\"elementor-button-content-wrapper\">\n\t\t\t\t\t\t\t\t\t<span class=\"elementor-button-text\">Consulenza<\/span>\n\t\t\t\t\t<\/span>\n\t\t\t\t\t<\/a>\n\t\t\t\t<\/div>\n\t\t\t\t\t\t\t\t<\/div>\n\t\t\t\t<\/div>\n\t\t\t\t<\/div>\n\t\t<div class=\"elementor-element elementor-element-4b39cfc e-con-full toggle-box e-flex e-con e-child\" data-id=\"4b39cfc\" data-element_type=\"container\" id=\"box-scienza\" data-settings=\"{&quot;background_background&quot;:&quot;classic&quot;}\">\n\t\t<div class=\"elementor-element elementor-element-e1517ae e-con-full e-flex e-con e-child\" data-id=\"e1517ae\" data-element_type=\"container\">\n\t\t\t\t<div class=\"elementor-element elementor-element-08eb273 elementor-widget elementor-widget-text-editor\" data-id=\"08eb273\" data-element_type=\"widget\" data-widget_type=\"text-editor.default\">\n\t\t\t\t<div class=\"elementor-widget-container\">\n\t\t\t\t\t\t\t\t\t<p>Competenze verticali, impatto trasversale<\/p>\t\t\t\t\t\t\t\t<\/div>\n\t\t\t\t<\/div>\n\t\t\t\t<\/div>\n\t\t<div class=\"elementor-element elementor-element-ebf074a e-con-full e-flex e-con e-child\" data-id=\"ebf074a\" data-element_type=\"container\">\n\t\t\t\t<div class=\"elementor-element elementor-element-725a627 elementor-widget elementor-widget-text-editor\" data-id=\"725a627\" data-element_type=\"widget\" data-widget_type=\"text-editor.default\">\n\t\t\t\t<div class=\"elementor-widget-container\">\n\t\t\t\t\t\t\t\t\t<p>Non basta conoscere la matematica per aiutare le imprese a decidere meglio utilizzando i loro dati. Bisogna saper leggere il contesto, ascoltare le esigenze, trasformare gli obiettivi in modelli. I nostri consulenti arrivano da percorsi STEM ( Science, Technology, Engineering and Mathematics) e lavorano a stretto contatto con i team scientifici e tecnologici di Optit. Il loro compito \u00e8 fare da ponte tra il dato e la realt\u00e0: coniugano rigore analitico e visione strategica, accompagnando ogni cliente con soluzioni costruite su misura e in evoluzione continua. Ogni progetto nasce da un dialogo. \u00c8 l\u00ec che iniziamo a connettere le esigenze operative con le possibilit\u00e0 della Decision Science, adattando gli strumenti alla specificit\u00e0 di ogni settore. Cos\u00ec possiamo agire non solo come esperti, ma come partner nel percorso di innovazione digitale: presenti, affidabili, capaci di generare valore concreto nel tempo.<\/p>\t\t\t\t\t\t\t\t<\/div>\n\t\t\t\t<\/div>\n\t\t\t\t<\/div>\n\t\t\t\t<\/div>\n\t\t\t\t\t<\/div>\n\t\t\t\t<\/div>\n\t\t<div class=\"elementor-element elementor-element-a28a3f4 e-flex e-con-boxed e-con e-parent\" data-id=\"a28a3f4\" data-element_type=\"container\">\n\t\t\t\t\t<div class=\"e-con-inner\">\n\t\t<div class=\"elementor-element elementor-element-bdbbe14 e-con-full e-flex e-con e-child\" data-id=\"bdbbe14\" data-element_type=\"container\">\n\t\t\t\t<div class=\"elementor-element elementor-element-c3e5fdb toggle-btn roteable elementor-view-default elementor-widget elementor-widget-icon\" data-id=\"c3e5fdb\" data-element_type=\"widget\" id=\"toggle-consulenza\" data-widget_type=\"icon.default\">\n\t\t\t\t<div class=\"elementor-widget-container\">\n\t\t\t\t\t\t\t<div class=\"elementor-icon-wrapper\">\n\t\t\t<div class=\"elementor-icon\">\n\t\t\t<svg xmlns=\"http:\/\/www.w3.org\/2000\/svg\" width=\"73\" height=\"73\" viewbox=\"0 0 73 73\" fill=\"none\"><circle cx=\"36.5\" cy=\"36.5\" r=\"36.5\" fill=\"white\"><\/circle><rect x=\"11\" y=\"11\" width=\"50\" height=\"50\" rx=\"25\" fill=\"white\"><\/rect><path d=\"M41.6902 38.0625L22.6667 38.0625L22.6667 34.9375L41.6902 34.9375L32.9402 26.1875L35.1667 24L47.6667 36.5L35.1667 49L32.9402 46.8125L41.6902 38.0625Z\" fill=\"#3AAA35\"><\/path><\/svg>\t\t\t<\/div>\n\t\t<\/div>\n\t\t\t\t\t\t<\/div>\n\t\t\t\t<\/div>\n\t\t\t\t<div class=\"elementor-element elementor-element-7fdff58 toggle-btn elementor-widget__width-inherit elementor-widget-mobile__width-initial elementor-widget elementor-widget-button\" data-id=\"7fdff58\" data-element_type=\"widget\" id=\"toggle-text-consulenza\" data-widget_type=\"button.default\">\n\t\t\t\t<div class=\"elementor-widget-container\">\n\t\t\t\t\t\t\t\t\t<div class=\"elementor-button-wrapper\">\n\t\t\t\t\t<a class=\"elementor-button elementor-size-sm\" role=\"button\" id=\"category-button\">\n\t\t\t\t\t\t<span class=\"elementor-button-content-wrapper\">\n\t\t\t\t\t\t\t\t\t<span class=\"elementor-button-text\">Scienza<\/span>\n\t\t\t\t\t<\/span>\n\t\t\t\t\t<\/a>\n\t\t\t\t<\/div>\n\t\t\t\t\t\t\t\t<\/div>\n\t\t\t\t<\/div>\n\t\t\t\t<\/div>\n\t\t<div class=\"elementor-element elementor-element-b4d3966 e-con-full toggle-box e-flex e-con e-child\" data-id=\"b4d3966\" data-element_type=\"container\" id=\"box-consulenza\" data-settings=\"{&quot;background_background&quot;:&quot;classic&quot;}\">\n\t\t<div class=\"elementor-element elementor-element-2957b9c e-con-full e-flex e-con e-child\" data-id=\"2957b9c\" data-element_type=\"container\">\n\t\t\t\t<div class=\"elementor-element elementor-element-400fa3b elementor-widget elementor-widget-text-editor\" data-id=\"400fa3b\" data-element_type=\"widget\" data-widget_type=\"text-editor.default\">\n\t\t\t\t<div class=\"elementor-widget-container\">\n\t\t\t\t\t\t\t\t\t<p>Algoritmi e modelli per decidere meglio<\/p>\t\t\t\t\t\t\t\t<\/div>\n\t\t\t\t<\/div>\n\t\t\t\t<\/div>\n\t\t<div class=\"elementor-element elementor-element-eb0f170 e-con-full e-flex e-con e-child\" data-id=\"eb0f170\" data-element_type=\"container\">\n\t\t\t\t<div class=\"elementor-element elementor-element-75b4f9b elementor-widget elementor-widget-text-editor\" data-id=\"75b4f9b\" data-element_type=\"widget\" data-widget_type=\"text-editor.default\">\n\t\t\t\t<div class=\"elementor-widget-container\">\n\t\t\t\t\t\t\t\t\t<p>La <strong>Data Science<\/strong> \u00e8 il nostro laboratorio. Per affrontare problemi decisionali complessi, costruiamo modelli matematici basati su variabili, vincoli e funzioni obiettivo, che combinati con il contenuto informativo dei dati conducono alla soluzione ottimale. Ogni progetto \u00e8 una sfida a trovare l\u2019approccio pi\u00f9 efficace: algoritmi esatti quando serve precisione assoluta, euristici quando il tempo \u00e8 una variabile critica, soluzioni ibride quando l\u2019intelligenza sta nella combinazione. Sempre nel rispetto delle specificit\u00e0 del contesto. Alleniamo i modelli a imparare dai dati, costruiamo regole capaci di adattarsi, progettiamo sistemi che evolvono con l\u2019uso, integrando approcci simbolici a metodi data-driven. La nostra \u00e8 una scienza applicata, che non si ferma al prototipo: entra nei processi aziendali e contribuisce ogni giorno all\u2019<strong>innovazione digitale<\/strong> delle organizzazioni.<\/p>\t\t\t\t\t\t\t\t<\/div>\n\t\t\t\t<\/div>\n\t\t\t\t<\/div>\n\t\t\t\t<\/div>\n\t\t\t\t\t<\/div>\n\t\t\t\t<\/div>\n\t\t<div class=\"elementor-element elementor-element-070407c e-flex e-con-boxed e-con e-parent\" data-id=\"070407c\" data-element_type=\"container\">\n\t\t\t\t\t<div class=\"e-con-inner\">\n\t\t<div class=\"elementor-element elementor-element-fe5e1af e-con-full e-flex e-con e-child\" data-id=\"fe5e1af\" data-element_type=\"container\">\n\t\t\t\t<div class=\"elementor-element elementor-element-b119189 toggle-btn roteable elementor-view-default elementor-widget elementor-widget-icon\" data-id=\"b119189\" data-element_type=\"widget\" id=\"toggle-tecnologia\" data-widget_type=\"icon.default\">\n\t\t\t\t<div class=\"elementor-widget-container\">\n\t\t\t\t\t\t\t<div class=\"elementor-icon-wrapper\">\n\t\t\t<div class=\"elementor-icon\">\n\t\t\t<svg xmlns=\"http:\/\/www.w3.org\/2000\/svg\" width=\"73\" height=\"73\" viewbox=\"0 0 73 73\" fill=\"none\"><circle cx=\"36.5\" cy=\"36.5\" r=\"36.5\" fill=\"white\"><\/circle><rect x=\"11\" y=\"11\" width=\"50\" height=\"50\" rx=\"25\" fill=\"white\"><\/rect><path d=\"M41.6902 38.0625L22.6667 38.0625L22.6667 34.9375L41.6902 34.9375L32.9402 26.1875L35.1667 24L47.6667 36.5L35.1667 49L32.9402 46.8125L41.6902 38.0625Z\" fill=\"#3AAA35\"><\/path><\/svg>\t\t\t<\/div>\n\t\t<\/div>\n\t\t\t\t\t\t<\/div>\n\t\t\t\t<\/div>\n\t\t\t\t<div class=\"elementor-element elementor-element-0057ac9 toggle-btn elementor-widget__width-inherit elementor-widget-mobile__width-initial elementor-widget elementor-widget-button\" data-id=\"0057ac9\" data-element_type=\"widget\" id=\"toggle-text-tecnologia\" data-widget_type=\"button.default\">\n\t\t\t\t<div class=\"elementor-widget-container\">\n\t\t\t\t\t\t\t\t\t<div class=\"elementor-button-wrapper\">\n\t\t\t\t\t<a class=\"elementor-button elementor-size-sm\" role=\"button\" id=\"category-button\">\n\t\t\t\t\t\t<span class=\"elementor-button-content-wrapper\">\n\t\t\t\t\t\t\t\t\t<span class=\"elementor-button-text\">Tecnologia<\/span>\n\t\t\t\t\t<\/span>\n\t\t\t\t\t<\/a>\n\t\t\t\t<\/div>\n\t\t\t\t\t\t\t\t<\/div>\n\t\t\t\t<\/div>\n\t\t\t\t<\/div>\n\t\t<div class=\"elementor-element elementor-element-30f9c30 e-con-full toggle-box e-flex e-con e-child\" data-id=\"30f9c30\" data-element_type=\"container\" id=\"box-tecnologia\" data-settings=\"{&quot;background_background&quot;:&quot;classic&quot;}\">\n\t\t<div class=\"elementor-element elementor-element-449c98e e-con-full e-flex e-con e-child\" data-id=\"449c98e\" data-element_type=\"container\">\n\t\t\t\t<div class=\"elementor-element elementor-element-4f67c07 elementor-widget elementor-widget-text-editor\" data-id=\"4f67c07\" data-element_type=\"widget\" data-widget_type=\"text-editor.default\">\n\t\t\t\t<div class=\"elementor-widget-container\">\n\t\t\t\t\t\t\t\t\t<p>Soluzioni che si integrano, piattaforme che abilitano<\/p>\t\t\t\t\t\t\t\t<\/div>\n\t\t\t\t<\/div>\n\t\t\t\t<\/div>\n\t\t<div class=\"elementor-element elementor-element-fe3177e e-con-full e-flex e-con e-child\" data-id=\"fe3177e\" data-element_type=\"container\">\n\t\t\t\t<div class=\"elementor-element elementor-element-f48e488 elementor-widget elementor-widget-text-editor\" data-id=\"f48e488\" data-element_type=\"widget\" data-widget_type=\"text-editor.default\">\n\t\t\t\t<div class=\"elementor-widget-container\">\n\t\t\t\t\t\t\t\t\t<p>Rendere scalabile la <strong>Decision Science<\/strong> richiede strumenti solidi e flessibili. Per questo abbiamo una software factory interna che ci consente di sviluppare applicativi in cui integrare modelli e algoritmi in modo nativo. Sviluppiamo tecnologie proprietarie: piattaforme nate per orchestrare modelli complessi, automatizzare processi decisionali e supportare la trasformazione digitale delle imprese. Architetture modulari, basate su microservizi, pensate per integrarsi nei sistemi esistenti e crescere nel tempo. Grazie a queste soluzioni, i modelli e le strategie di valorizzazione del dato diventano accessibili a ogni funzione aziendale. La nostra tecnologia abilita l\u2019<strong>innovazione digitale<\/strong>. Ma soprattutto, rende ogni decisione pi\u00f9 consapevole, ogni processo pi\u00f9 intelligente, ogni organizzazione pi\u00f9 pronta a evolvere.<\/p>\t\t\t\t\t\t\t\t<\/div>\n\t\t\t\t<\/div>\n\t\t\t\t<\/div>\n\t\t\t\t<\/div>\n\t\t\t\t<div class=\"elementor-element elementor-element-5c94fea elementor-widget elementor-widget-html\" data-id=\"5c94fea\" data-element_type=\"widget\" data-widget_type=\"html.default\">\n\t\t\t\t<div class=\"elementor-widget-container\">\n\t\t\t\t\t<script>\ndocument.addEventListener(\"DOMContentLoaded\", function () {\n  const buttons = document.querySelectorAll(\".toggle-btn\");\n\n  buttons.forEach(button => {\n    const postId = button.id.replace(\"toggle-\", \"\").replace(\"text-\", \"\");\n    const targetBox = document.getElementById(\"box-\" + postId);\n\n    if (targetBox) {\n      button.addEventListener(\"click\", function () {\n        const isVisible = getComputedStyle(targetBox).display === \"flex\";\n\n        \/\/ Mostra\/Nasconde il box\n        targetBox.style.display = isVisible ? \"none\" : \"flex\";\n        \n        const btn1 = document.getElementById(\"toggle-\" + postId);\n        const btn2 = document.getElementById(\"toggle-text-\" + postId);\n\n        \/\/ Aggiungi o rimuovi la classe background-active\n        if (!isVisible) {\n          btn1?.classList.add(\"background-active\");\n          btn2?.classList.add(\"background-active\");\n        } else {\n          btn1?.classList.remove(\"background-active\");\n          btn2?.classList.remove(\"background-active\");\n        }\n\n        \/\/ Trova l'elemento roteable associato allo stesso postId\n        const rotatable = document.getElementById(\"toggle-\" + postId)?.classList.contains(\"roteable\")\n          ? document.getElementById(\"toggle-\" + postId)\n          : null;\n\n        if (rotatable) {\n          rotatable.style.transform = isVisible ? \"rotate(0deg)\" : \"rotate(45deg)\";\n        }\n      });\n    }\n  });\n});\n<\/script>\t\t\t\t<\/div>\n\t\t\t\t<\/div>\n\t\t\t\t\t<\/div>\n\t\t\t\t<\/div>\n\t\t<div class=\"elementor-element elementor-element-40d9623 e-con-full e-flex e-con e-parent\" data-id=\"40d9623\" data-element_type=\"container\" data-settings=\"{&quot;background_background&quot;:&quot;classic&quot;}\">\n\t\t<div class=\"elementor-element elementor-element-41fd795 e-con-full e-flex e-con e-child\" data-id=\"41fd795\" data-element_type=\"container\">\n\t\t\t\t<div class=\"elementor-element elementor-element-697217f color_gradient elementor-widget elementor-widget-heading\" data-id=\"697217f\" data-element_type=\"widget\" data-widget_type=\"heading.default\">\n\t\t\t\t<div class=\"elementor-widget-container\">\n\t\t\t\t\t<h2 class=\"elementor-heading-title elementor-size-default\">Lavora con noi<\/h2>\t\t\t\t<\/div>\n\t\t\t\t<\/div>\n\t\t\t\t<div class=\"elementor-element elementor-element-2b964e1 elementor-widget elementor-widget-button\" data-id=\"2b964e1\" data-element_type=\"widget\" data-widget_type=\"button.default\">\n\t\t\t\t<div class=\"elementor-widget-container\">\n\t\t\t\t\t\t\t\t\t<div class=\"elementor-button-wrapper\">\n\t\t\t\t\t<a class=\"elementor-button elementor-button-link elementor-size-sm\" href=\"#\">\n\t\t\t\t\t\t<span class=\"elementor-button-content-wrapper\">\n\t\t\t\t\t\t\t\t\t<span class=\"elementor-button-text\">Vedi tutte le posizioni aperte<\/span>\n\t\t\t\t\t<\/span>\n\t\t\t\t\t<\/a>\n\t\t\t\t<\/div>\n\t\t\t\t\t\t\t\t<\/div>\n\t\t\t\t<\/div>\n\t\t\t\t<\/div>\n\t\t<div class=\"elementor-element elementor-element-ee506dd e-con-full e-flex e-con e-child\" data-id=\"ee506dd\" data-element_type=\"container\">\n\t\t\t\t<div class=\"elementor-element elementor-element-8d335df elementor-widget elementor-widget-text-editor\" data-id=\"8d335df\" data-element_type=\"widget\" data-widget_type=\"text-editor.default\">\n\t\t\t\t<div class=\"elementor-widget-container\">\n\t\t\t\t\t\t\t\t\t<p>Cerchiamo menti solide e spiriti aperti<\/p>\t\t\t\t\t\t\t\t<\/div>\n\t\t\t\t<\/div>\n\t\t\t\t<div class=\"elementor-element elementor-element-6473207 elementor-widget elementor-widget-text-editor\" data-id=\"6473207\" data-element_type=\"widget\" data-widget_type=\"text-editor.default\">\n\t\t\t\t<div class=\"elementor-widget-container\">\n\t\t\t\t\t\t\t\t\t<p>Qui non si viene solo per trovare un lavoro. Si viene per contribuire a un progetto che mette la scienza al servizio delle decisioni che contano davvero. Per lavorare insieme a chi crede che il rigore possa convivere con la creativit\u00e0. Che il confronto generi valore. Che un algoritmo funzioni meglio quando \u00e8 costruito per risolvere il problema di una persona. Dentro Optit cerchiamo persone che non vogliono solo eseguire, ma capire. Quelle che si alzano al mattino e hanno gi\u00e0 delle domande in testa, che restano curiose, che rendono il mondo migliore grazie a un\u2019analisi, una scelta, una riga di codice alla volta. Entrare in Optit significa entrare in una <strong>comunit\u00e0 che non ha paura della complessit\u00e0<\/strong>, perch\u00e9 la affronta ogni giorno con metodo, confronto, rispetto, apertura. Se ti riconosci, forse dovresti seguire questo link.<\/p>\t\t\t\t\t\t\t\t<\/div>\n\t\t\t\t<\/div>\n\t\t\t\t<\/div>\n\t\t\t\t<\/div>\n\t\t<div class=\"elementor-element elementor-element-22c8d41 e-flex e-con-boxed e-con e-parent\" data-id=\"22c8d41\" data-element_type=\"container\">\n\t\t\t\t\t<div class=\"e-con-inner\">\n\t\t\t\t<div class=\"elementor-element elementor-element-4df6632 elementor-fixed elementor-widget elementor-widget-button\" data-id=\"4df6632\" data-element_type=\"widget\" data-settings=\"{&quot;_position&quot;:&quot;fixed&quot;}\" data-widget_type=\"button.default\">\n\t\t\t\t<div class=\"elementor-widget-container\">\n\t\t\t\t\t\t\t\t\t<div class=\"elementor-button-wrapper\">\n\t\t\t\t\t<a class=\"elementor-button elementor-button-link elementor-size-sm\" href=\"#contatti\">\n\t\t\t\t\t\t<span class=\"elementor-button-content-wrapper\">\n\t\t\t\t\t\t\t\t\t<span class=\"elementor-button-text\">Contattaci<\/span>\n\t\t\t\t\t<\/span>\n\t\t\t\t\t<\/a>\n\t\t\t\t<\/div>\n\t\t\t\t\t\t\t\t<\/div>\n\t\t\t\t<\/div>\n\t\t\t\t\t<\/div>\n\t\t\t\t<\/div>\n\t\t\t\t<\/div>","protected":false},"excerpt":{"rendered":"<p>01 Approccio Dalla complessit\u00e0 alla decisione giusta: il nostro metodo che unisce scienza, tecnologia e consulenza per l\u2019innovazione digitale. Consulenza Competenze verticali, impatto trasversale Non basta conoscere la matematica per aiutare le imprese a decidere meglio utilizzando i loro dati. Bisogna saper leggere il contesto, ascoltare le esigenze, trasformare gli obiettivi in modelli. I nostri [&hellip;]<\/p>","protected":false},"author":1,"featured_media":0,"parent":0,"menu_order":0,"comment_status":"closed","ping_status":"closed","template":"","meta":{"_acf_changed":false,"footnotes":""},"class_list":["post-1105","page","type-page","status-publish","hentry"],"acf":[],"_links":{"self":[{"href":"https:\/\/optit.weggagency.com\/de\/wp-json\/wp\/v2\/pages\/1105","targetHints":{"allow":["GET"]}}],"collection":[{"href":"https:\/\/optit.weggagency.com\/de\/wp-json\/wp\/v2\/pages"}],"about":[{"href":"https:\/\/optit.weggagency.com\/de\/wp-json\/wp\/v2\/types\/page"}],"author":[{"embeddable":true,"href":"https:\/\/optit.weggagency.com\/de\/wp-json\/wp\/v2\/users\/1"}],"replies":[{"embeddable":true,"href":"https:\/\/optit.weggagency.com\/de\/wp-json\/wp\/v2\/comments?post=1105"}],"version-history":[{"count":0,"href":"https:\/\/optit.weggagency.com\/de\/wp-json\/wp\/v2\/pages\/1105\/revisions"}],"wp:attachment":[{"href":"https:\/\/optit.weggagency.com\/de\/wp-json\/wp\/v2\/media?parent=1105"}],"curies":[{"name":"wp","href":"https:\/\/api.w.org\/{rel}","templated":true}]}}